{"id":3521,"date":"2013-08-20T16:45:58","date_gmt":"2013-08-20T13:45:58","guid":{"rendered":"http:\/\/orsiad.com.tr\/?page_id=3521"},"modified":"2013-08-20T17:01:22","modified_gmt":"2013-08-20T14:01:22","slug":"ismail-hakki-yildiz","status":"publish","type":"page","link":"https:\/\/orsiad.com.tr\/en\/zgf-eng\/ismail-hakki-yildiz","title":{"rendered":"\u0130smail Hakk\u0131 Y\u0131ld\u0131z"},"content":{"rendered":"<p><img loading=\"lazy\" decoding=\"async\" src=\"http:\/\/orsiad.com.tr\/wp-content\/uploads\/i-hakki-yildiz.jpg\" alt=\"i-hakki-yildiz\" width=\"214\" height=\"272\" class=\"alignright size-full wp-image-3523\" \/>I.Hakki YILDIZ  born in 1975 , a native of Black Sea coast town Samsun\/TURKEY . He graduated Business Administration  from the  Yeditepe Univercity in Istanbul \/Turkey  .<br \/>\nHe is partner of Yildiz Entegre Agac San. Ve Tic. A.S also  he is the partner or Yildizlar Yatirim Holding A.S.   He  is working in the company as a member of the board of director.    Yildiz Group who has broke ground in Forestry Products, Fertilizer , Chemistry, Energy Generation and Port Operating Sectors. <\/p>\n","protected":false},"excerpt":{"rendered":"<p>I.Hakki YILDIZ born in 1975 , a native of Black Sea coast town Samsun\/TURKEY . He graduated Business Administration from the Yeditepe Univercity in Istanbul \/Turkey . He is partner of Yildiz Entegre Agac San. Ve Tic. A.S also he is the partner or Yildizlar Yatirim Holding A.S. He is working in the company as [&hellip;]<\/p>\n","protected":false},"author":1,"featured_media":0,"parent":791,"menu_order":0,"comment_status":"closed","ping_status":"closed","template":"","meta":{"jetpack_post_was_ever_published":false,"footnotes":"","_links_to":"","_links_to_target":""},"class_list":["post-3521","page","type-page","status-publish","hentry"],"jetpack_sharing_enabled":true,"_links":{"self":[{"href":"https:\/\/orsiad.com.tr\/en\/wp-json\/wp\/v2\/pages\/3521","targetHints":{"allow":["GET"]}}],"collection":[{"href":"https:\/\/orsiad.com.tr\/en\/wp-json\/wp\/v2\/pages"}],"about":[{"href":"https:\/\/orsiad.com.tr\/en\/wp-json\/wp\/v2\/types\/page"}],"author":[{"embeddable":true,"href":"https:\/\/orsiad.com.tr\/en\/wp-json\/wp\/v2\/users\/1"}],"replies":[{"embeddable":true,"href":"https:\/\/orsiad.com.tr\/en\/wp-json\/wp\/v2\/comments?post=3521"}],"version-history":[{"count":0,"href":"https:\/\/orsiad.com.tr\/en\/wp-json\/wp\/v2\/pages\/3521\/revisions"}],"up":[{"embeddable":true,"href":"https:\/\/orsiad.com.tr\/en\/wp-json\/wp\/v2\/pages\/791"}],"wp:attachment":[{"href":"https:\/\/orsiad.com.tr\/en\/wp-json\/wp\/v2\/media?parent=3521"}],"curies":[{"name":"wp","href":"https:\/\/api.w.org\/{rel}","templated":true}]}}