{"id":784,"date":"2012-07-13T22:17:50","date_gmt":"2012-07-13T19:17:50","guid":{"rendered":"http:\/\/orsiad.com.tr\/?page_id=784"},"modified":"2021-12-22T16:26:00","modified_gmt":"2021-12-22T13:26:00","slug":"kunye-2","status":"publish","type":"page","link":"https:\/\/orsiad.com.tr\/en\/kunye-2","title":{"rendered":"Editorial Information"},"content":{"rendered":"<p style=\"text-align: left;\" align=\"center\"><b><span style=\"text-decoration: underline;\">Concessionaire:<\/span><\/b><\/p>\n<p style=\"text-align: left;\">On behalf of the company GET DI\u015e T\u0130CARET ORMAN \u00dcR\u00dcNLER\u0130 VE MATBAA REKLAM HIZMETLER\u0130 LTD.\u015eT\u0130.<\/p>\n<p style=\"text-align: left;\"><b>Fikret Demir<\/b><\/p>\n<p style=\"text-align: left;\"><b><span style=\"text-decoration: underline;\">Management Contact Address:<\/span><\/b><\/p>\n<p>Get D\u0131\u015f Ticaret Orman \u00dcr\u00fcnleri\u00a0ve Matbaa Reklam Hiz. LTD. \u015eT\u0130<br \/>\nEmirsultan Mah.362 sok.\u00a0Emirkent Sitesi\u00a0B\/ Blok no: 13 Kat: 3 Daire : 5 Karacabey \/ Bursa \/ T\u00dcRK\u0130YE<br \/>\nKaracabey VD 394 045 8387<br \/>\nTicaret sicil no: 3263 \/ Karacabey<br \/>\nTel: 0 539 303 32 26<br \/>\n<a href=\"mailto:info@getyayincilik.com.tr\">info@getyayincilik.com.tr<\/a><\/p>\n<p style=\"text-align: left;\"><b><span style=\"text-decoration: underline;\">Editorial and Managing Director<\/span><\/b>:<\/p>\n<p style=\"text-align: left;\">Fikret Demir<br \/>\n+90-539-303 32 26<\/p>\n<p><a href=\"mailto:info@getyayincilik.com.tr\">info@getyayincilik.com.tr<\/a><\/p>\n<p style=\"text-align: left;\">\n<p style=\"text-align: left;\"><b><span style=\"text-decoration: underline;\">Head of Advertising Group:<\/span><\/b><br \/>\n<a href=\"mailto:umut@getyayincilik.com.tr\">umut@getyayincilik.com.tr<\/a><\/p>\n<p style=\"text-align: left;\"><b><span style=\"text-decoration: underline;\">E-Newspaper \/ Webmaster:<\/span><\/b><\/p>\n<p style=\"text-align: left;\"><a href=\"mailto:webmaster@getyayincilik.com.tr\">webmaster@getyayincilik.com.tr<\/a><\/p>\n<p style=\"text-align: left;\"><b><span style=\"text-decoration: underline;\">For Advertising Reservations:<\/span><\/b><\/p>\n<p style=\"text-align: left;\"><a href=\"mailto:reklam@getyayincilik.com.tr\">reklam@getyayincilik.com.tr<\/a><\/p>\n<p style=\"text-align: left;\"><b><span style=\"text-decoration: underline;\">Printing House:<\/span><\/b><\/p>\n<p style=\"text-align: left;\"><b><\/b>Teknik Bas\u0131m Matbaac\u0131l\u0131k<br \/>\nKeyap Ticaret Merkezi Bostanc\u0131 Yolu Cad.<br \/>\nF1 Blok No:93 Y.Dudullu \/ \u0130stanbul<\/p>\n<p style=\"text-align: left;\"><b><span style=\"text-decoration: underline;\">Distributor:<\/span><\/b><\/p>\n<p style=\"text-align: left;\">PTT \u2013 POSTA ve \u00a0KARGO<\/p>\n<p style=\"text-align: left;\">You can email to<\/p>\n<p><a href=\"mailto:info@getyayincilik.com.tr\">info@getyayincilik.com.tr<\/a><\/p>\n<p style=\"text-align: left;\">for any purpose related with ORSIAD.<\/p>\n<p style=\"text-align: left;\">ORSIAD, the Journal\u00a0of Forest Industry\u00a0Businessmen is a publication with common term. According to Turkish Laws, all rights to the texts, photos, graphics and any visuals that are used in the newspaper ORSIAD, belong to ORSIAD.\u00a0 None of the information and visuals can be used without permission nor quoted as source.<\/p>\n","protected":false},"excerpt":{"rendered":"<p>Concessionaire: On behalf of the company GET DI\u015e T\u0130CARET ORMAN \u00dcR\u00dcNLER\u0130 VE MATBAA REKLAM HIZMETLER\u0130 LTD.\u015eT\u0130. Fikret Demir Management Contact Address: Get D\u0131\u015f Ticaret Orman \u00dcr\u00fcnleri\u00a0ve Matbaa Reklam Hiz. LTD. \u015eT\u0130 Emirsultan Mah.362 sok.\u00a0Emirkent Sitesi\u00a0B\/ Blok no: 13 Kat: 3 Daire : 5 Karacabey \/ Bursa \/ T\u00dcRK\u0130YE Karacabey VD 394 045 8387 Ticaret sicil [&hellip;]<\/p>\n","protected":false},"author":1,"featured_media":0,"parent":0,"menu_order":0,"comment_status":"closed","ping_status":"closed","template":"","meta":{"jetpack_post_was_ever_published":false,"footnotes":"","_links_to":"","_links_to_target":""},"class_list":["post-784","page","type-page","status-publish","hentry"],"jetpack_sharing_enabled":true,"_links":{"self":[{"href":"https:\/\/orsiad.com.tr\/en\/wp-json\/wp\/v2\/pages\/784","targetHints":{"allow":["GET"]}}],"collection":[{"href":"https:\/\/orsiad.com.tr\/en\/wp-json\/wp\/v2\/pages"}],"about":[{"href":"https:\/\/orsiad.com.tr\/en\/wp-json\/wp\/v2\/types\/page"}],"author":[{"embeddable":true,"href":"https:\/\/orsiad.com.tr\/en\/wp-json\/wp\/v2\/users\/1"}],"replies":[{"embeddable":true,"href":"https:\/\/orsiad.com.tr\/en\/wp-json\/wp\/v2\/comments?post=784"}],"version-history":[{"count":0,"href":"https:\/\/orsiad.com.tr\/en\/wp-json\/wp\/v2\/pages\/784\/revisions"}],"wp:attachment":[{"href":"https:\/\/orsiad.com.tr\/en\/wp-json\/wp\/v2\/media?parent=784"}],"curies":[{"name":"wp","href":"https:\/\/api.w.org\/{rel}","templated":true}]}}