{"id":788,"date":"2012-07-13T22:18:51","date_gmt":"2012-07-13T19:18:51","guid":{"rendered":"http:\/\/orsiad.com.tr\/?page_id=788"},"modified":"2018-02-12T00:46:27","modified_gmt":"2018-02-11T21:46:27","slug":"contact","status":"publish","type":"page","link":"https:\/\/orsiad.com.tr\/en\/contact","title":{"rendered":"Contact"},"content":{"rendered":"<div class=\"wpb-content-wrapper\"><p>[vc_row][vc_column width=&#8221;1\/1&#8243;][vc_column_text]<br \/>\nGet D\u0131\u015f Ticaret Orman \u00dcr\u00fcnleri\u00a0ve Matbaa Reklam Hiz. LTD. \u015eT\u0130<br \/>\nEmirsultan Mah.362 sok.\u00a0Emirkent Sitesi\u00a0B\/ Blok no: 13 Kat: 3 Daire : 5 Karacabey \/ Bursa \/ T\u00dcRK\u0130YE<br \/>\nKaracabey VD 394 045 8387<br \/>\nTicaret sicil no: 3263 \/ Karacabey<br \/>\nTel: 0 539 303 32 26<br \/>\n<a href=\"mailto:info@getyayincilik.com.tr\">info@getyayincilik.com.tr<\/a><\/p>\n<p><strong>GET DI\u015e TICARET ORMAN \u00dcR\u00dcNLER\u0130 VE MATBAA REKLAM HIZMETLER\u0130. LTD.STI.<\/strong><br \/>\n<strong>DEN\u0130Z BANK:<\/strong> SWIFT KODU : DENITRISXXX<br \/>\nKARACABEY \u015eB: 4800 \u015fube kodu<br \/>\n4800 \u2013 6116934 &#8211; 351<br \/>\nTRL IBAN: TR82 0013 4000 0061 1693 4000 23<br \/>\nUSD IBAN:TR55 0013 4000 0061 1683 4000 24<br \/>\nEUR IBAN:TR28 0013 4000 0061 1683 4000 25[\/vc_column_text][\/vc_column][\/vc_row]<\/p>\n<\/div>","protected":false},"excerpt":{"rendered":"<p>[vc_row][vc_column width=&#8221;1\/1&#8243;][vc_column_text] Get D\u0131\u015f Ticaret Orman \u00dcr\u00fcnleri\u00a0ve Matbaa Reklam Hiz. LTD. \u015eT\u0130 Emirsultan Mah.362 sok.\u00a0Emirkent Sitesi\u00a0B\/ Blok no: 13 Kat: 3 Daire : 5 Karacabey \/ Bursa \/ T\u00dcRK\u0130YE Karacabey VD 394 045 8387 Ticaret sicil no: 3263 \/ Karacabey Tel: 0 539 303 32 26 info@getyayincilik.com.tr GET DI\u015e TICARET ORMAN \u00dcR\u00dcNLER\u0130 VE MATBAA REKLAM [&hellip;]<\/p>\n","protected":false},"author":1,"featured_media":0,"parent":0,"menu_order":0,"comment_status":"closed","ping_status":"closed","template":"template-full.php","meta":{"jetpack_post_was_ever_published":false,"footnotes":"","_links_to":"","_links_to_target":""},"class_list":["post-788","page","type-page","status-publish","hentry"],"jetpack_sharing_enabled":true,"_links":{"self":[{"href":"https:\/\/orsiad.com.tr\/en\/wp-json\/wp\/v2\/pages\/788","targetHints":{"allow":["GET"]}}],"collection":[{"href":"https:\/\/orsiad.com.tr\/en\/wp-json\/wp\/v2\/pages"}],"about":[{"href":"https:\/\/orsiad.com.tr\/en\/wp-json\/wp\/v2\/types\/page"}],"author":[{"embeddable":true,"href":"https:\/\/orsiad.com.tr\/en\/wp-json\/wp\/v2\/users\/1"}],"replies":[{"embeddable":true,"href":"https:\/\/orsiad.com.tr\/en\/wp-json\/wp\/v2\/comments?post=788"}],"version-history":[{"count":0,"href":"https:\/\/orsiad.com.tr\/en\/wp-json\/wp\/v2\/pages\/788\/revisions"}],"wp:attachment":[{"href":"https:\/\/orsiad.com.tr\/en\/wp-json\/wp\/v2\/media?parent=788"}],"curies":[{"name":"wp","href":"https:\/\/api.w.org\/{rel}","templated":true}]}}